{"id":10637,"date":"2023-11-23T11:31:38","date_gmt":"2023-11-23T11:31:38","guid":{"rendered":"https:\/\/dev.zecha.de\/zechalive\/"},"modified":"2024-12-18T11:27:13","modified_gmt":"2024-12-18T11:27:13","slug":"zechalive","status":"publish","type":"page","link":"https:\/\/dev.zecha.de\/de\/zechalive\/","title":{"rendered":"ZECHAlive"},"content":{"rendered":"\t\t<div data-elementor-type=\"wp-page\" data-elementor-id=\"10637\" class=\"elementor elementor-10637 elementor-2033\" data-elementor-post-type=\"page\">\n\t\t\t\t<div class=\"elementor-element elementor-element-d3ca67c e-con-full elementor-hidden-mobile e-flex e-con e-parent\" data-id=\"d3ca67c\" data-element_type=\"container\" data-settings=\"{&quot;background_background&quot;:&quot;classic&quot;,&quot;background_motion_fx_motion_fx_scrolling&quot;:&quot;yes&quot;,&quot;background_motion_fx_translateY_effect&quot;:&quot;yes&quot;,&quot;background_motion_fx_translateY_speed&quot;:{&quot;unit&quot;:&quot;px&quot;,&quot;size&quot;:10,&quot;sizes&quot;:[]},&quot;background_motion_fx_range&quot;:&quot;viewport&quot;,&quot;background_motion_fx_translateY_affectedRange&quot;:{&quot;unit&quot;:&quot;%&quot;,&quot;size&quot;:&quot;&quot;,&quot;sizes&quot;:{&quot;start&quot;:0,&quot;end&quot;:100}},&quot;background_motion_fx_devices&quot;:[&quot;desktop&quot;,&quot;tablet&quot;,&quot;mobile&quot;]}\">\n\t\t\t\t<\/div>\n\t\t<div class=\"elementor-element elementor-element-7d3a2b4 e-flex e-con-boxed e-con e-parent\" data-id=\"7d3a2b4\" data-element_type=\"container\">\n\t\t\t\t\t<div class=\"e-con-inner\">\n\t\t<div class=\"elementor-element elementor-element-a8a0b1b e-flex e-con-boxed e-con e-child\" data-id=\"a8a0b1b\" data-element_type=\"container\">\n\t\t\t\t\t<div class=\"e-con-inner\">\n\t\t\t\t<div class=\"elementor-element elementor-element-aa729c4 elementor-widget elementor-widget-image\" data-id=\"aa729c4\" data-element_type=\"widget\" data-widget_type=\"image.default\">\n\t\t\t\t<div class=\"elementor-widget-container\">\n\t\t\t\t\t\t\t\t\t\t\t\t\t<img fetchpriority=\"high\" decoding=\"async\" width=\"900\" height=\"400\" src=\"https:\/\/dev.zecha.de\/wp-content\/uploads\/2024\/06\/ZechaLiveLogo.jpg\" class=\"attachment-large size-large wp-image-9679\" alt=\"\" srcset=\"https:\/\/dev.zecha.de\/wp-content\/uploads\/2024\/06\/ZechaLiveLogo.jpg 900w, https:\/\/dev.zecha.de\/wp-content\/uploads\/2024\/06\/ZechaLiveLogo-300x133.jpg 300w, https:\/\/dev.zecha.de\/wp-content\/uploads\/2024\/06\/ZechaLiveLogo-768x341.jpg 768w, https:\/\/dev.zecha.de\/wp-content\/uploads\/2024\/06\/ZechaLiveLogo-150x67.jpg 150w, https:\/\/dev.zecha.de\/wp-content\/uploads\/2024\/06\/ZechaLiveLogo-700x311.jpg 700w\" sizes=\"(max-width:767px) 700px, (max-width:900px) 100vw, 900px\" \/>\t\t\t\t\t\t\t\t\t\t\t\t\t<\/div>\n\t\t\t\t<\/div>\n\t\t\t\t<div class=\"elementor-element elementor-element-4a0ca89 elementor-hidden-mobile elementor-widget elementor-widget-heading\" data-id=\"4a0ca89\" data-element_type=\"widget\" data-widget_type=\"heading.default\">\n\t\t\t\t<div class=\"elementor-widget-container\">\n\t\t\t<h3 class=\"elementor-heading-title elementor-size-default\">Verbinden und Lernen mit ZECHA<\/h3>\t\t<\/div>\n\t\t\t\t<\/div>\n\t\t\t\t<div class=\"elementor-element elementor-element-3eb56e0 elementor-widget elementor-widget-text-editor\" data-id=\"3eb56e0\" data-element_type=\"widget\" data-widget_type=\"text-editor.default\">\n\t\t\t\t<div class=\"elementor-widget-container\">\n\t\t\t\t\t\t\t<p>Bleiben Sie bei ZECHAlive-Veranstaltungen dabei, bei denen Sie sich mit Branchenexperten vernetzen und wertvolle Einblicke durch Seminare, Messen, Livestreams und mehr erhalten k\u00f6nnen. Unser Veranstaltungskalender h\u00e4lt Sie \u00fcber alle kommenden Aktivit\u00e4ten auf dem Laufenden und bietet Ihnen die M\u00f6glichkeit, die neuesten Innovationen von ZECHA aus erster Hand zu erleben und Ihr Wissen zu erweitern. Ob Sie an einem praktischen Workshop teilnehmen, eine Live-Demonstration anschauen oder auf einer Fachmesse netzwerken m\u00f6chten, ZECHAlive-Veranstaltungen bieten f\u00fcr jeden etwas. \u00dcberpr\u00fcfen Sie regelm\u00e4\u00dfig unseren Kalender und nehmen Sie an unserem n\u00e4chsten Event teil, um mit ZECHA zu lernen, sich zu vernetzen und weiterzuentwickeln.<\/p>\n\t\t\t\t\t\t<\/div>\n\t\t\t\t<\/div>\n\t\t\t\t<div class=\"elementor-element elementor-element-eventon elementor-widget__width-initial elementor-widget elementor-widget-EventON\" data-id=\"eventon\" data-element_type=\"widget\" data-widget_type=\"EventON.default\">\n\t\t\t\t<div class=\"elementor-widget-container\">\n\t\t\t<!-- EventON Calendar --><div id='evcal_calendar_560' class='ajde_evcal_calendar sev cev color esty_2 evoFC ajax_loading_cal' data-cal=''><div id='evcal_head' class='calendar_header ' ><div class='evo_cal_above evodfx evofx_dr_r marb5 evofx_ww'><span class='cal_head_btn evo-search'><\/span><span class='cal_head_btn evo-filter-btn'><em><\/em><\/span><span class='cal_head_btn evo-sort-btn'><div class='evo_header_drop_menu eventon_sort_line'><p data-val='sort_date' data-type='date' class='evs_btn evo_sort_option evs_hide select' >Datum<\/p><p data-val='sort_title' data-type='title' class='evs_btn evo_sort_option ' >Titel<\/p><p data-val='sort_color' data-type='color' class='evs_btn evo_sort_option ' >Farbe<\/p><\/div><\/span><span class='cal_head_btn evo-jumper-btn'>Monate \u00fcberspringen<\/span><span class='cal_head_btn evo-gototoday-btn' style='' data-mo='5' data-yr='2026' data-dy=''>Aktueller Monat<\/span><\/div><div class='evo_cal_above_content'><div class='evo_j_container' style='display:none'>\r\n\t\t\t\t\t\t<div class='evo_j_months evo_j_dates' data-val='m'>\r\n\t\t\t\t\t\t\t<div class='legend evo_jumper_months'><a data-val='1'  title='Januar' >Januar<\/a><a data-val='2'  title='Februar' >Februar<\/a><a data-val='3'  title='M\u00e4rz' >M\u00e4rz<\/a><a data-val='4'  title='April' >April<\/a><a data-val='5' class=\"current set\" title='Mai' >Mai<\/a><a data-val='6'  title='Juni' >Juni<\/a><a data-val='7'  title='Juli' >Juli<\/a><a data-val='8'  title='August' >August<\/a><a data-val='9'  title='September' >September<\/a><a data-val='10'  title='Oktober' >Oktober<\/a><a data-val='11'  title='November' >November<\/a><a data-val='12'  title='Dezember' >Dezember<\/a><\/div><div class='clear'><\/div><\/div>\r\n\t\t\t\t\t\t\r\n\t\t\t\t\t\t<div class='evo_j_years evo_j_dates' data-val='y'>\r\n\t\t\t\t\t\t\t<p class='legend'><a data-val=\"2024\">2024<\/a><a data-val=\"2025\">2025<\/a><a class='current set' data-val=\"2026\">2026<\/a><a data-val=\"2027\">2027<\/a><a data-val=\"2028\">2028<\/a><\/p><div class='clear'><\/div>\r\n\t\t\t\t\t\t<\/div>\r\n\t\t\t\t\t<\/div><\/div><div class='evo_header_title '><div class='evo_header_mo evodfx evofx_ai_c'><div class='evo_loading_bar_holder h100 noMinH swipe' style=''><div class='evo_loading_bar wid_80% hi_40px' style='width:80%; height:40px; '><\/div><\/div><\/div><\/div><div class='evo_cal_header_end_content'>\t\t\t\t\t\r\n\t\t\t\t<div class='evo_search_bar evo_hidden'>\r\n\t\t\t\t\t<div class='evo_search_bar_in' >\r\n\t\t\t\t\t\t<input id='evo_search_bar_in_560' type=\"text\" placeholder='Events suchen' data-role=\"none\"\/>\r\n\t\t\t\t\t\t<a class=\"evosr_search_clear_btn\"><i class=\"fa fa-close\"><\/i><\/a>\r\n\t\t\t\t\t\t<a class=\"evosr_search_btn\"><i class=\"fa fa-search\"><\/i><\/a>\r\n\t\t\t\t\t<\/div>\r\n\t\t\t\t<\/div>\r\n\r\n\t\t\t<\/div><\/div><div class='evo_filter_bar evo_main_filter_bar eventon_sorting_section '><div class='evo_filter_container evodfx evo_fx_ai_c'><div class='evo_filter_container_in'><div class='eventon_filter_line' ><div class='evo_loading_bar_holder h100 loading_filters swipe' style='min-height:30px;'><div class='nesthold r g10'><div class='evo_loading_bar wid_100% hi_30px' style='width:100%; height:30px; margin-bottom:1px;'><\/div><div class='evo_loading_bar wid_100% hi_30px' style='width:100%; height:30px; margin-bottom:1px;'><\/div><div class='evo_loading_bar wid_100% hi_30px' style='width:100%; height:30px; margin-bottom:1px;'><\/div><div class='evo_loading_bar wid_100% hi_30px' style='width:100%; height:30px; margin-bottom:1px;'><\/div><div class='evo_loading_bar wid_100% hi_30px' style='width:100%; height:30px; margin-bottom:1px;'><\/div><\/div><\/div><\/div><\/div><div class='evo_filter_nav evo_filter_l'><i class='fa fa-chevron-left'><\/i><\/div><div class='evo_filter_nav evo_filter_r'><i class='fa fa-chevron-right'><\/i><\/div><\/div><div class='evo_filter_aply_btns'><\/div><div class='evo_filter_menu'><\/div><\/div>\t\t\t<div class='evo_ajax_load_events evofc_pre_loader'>\r\n\t\t\t\t<span ><\/span>\r\n\t\t\t<\/div>\r\n\t\t\t<div id='eventon_loadbar_section'><div id='eventon_loadbar'><\/div><\/div><!-- Events List --><div class='evo_events_list_box'><div id='evcal_list' class='eventon_events_list '><div class='evo_loading_bar_holder h100 loading_e swipe' style=''><div class='nest nest1 e'><div class='nesthold r g10'><div class='nest nest2 e1'><div class='evo_loading_bar wid_100px hi_95px' style='width:100px; height:95px; '><\/div><\/div><div class='nest nest2 e2'><div class='evo_loading_bar wid_50% hi_55px' style='width:50%; height:55px; '><\/div><div class='evo_loading_bar wid_90% hi_30px' style='width:90%; height:30px; '><\/div><\/div><\/div><\/div><div class='nest nest1 e'><div class='nesthold r g10'><div class='nest nest2 e1'><div class='evo_loading_bar wid_100px hi_95px' style='width:100px; height:95px; '><\/div><\/div><div class='nest nest2 e2'><div class='evo_loading_bar wid_50% hi_55px' style='width:50%; height:55px; '><\/div><div class='evo_loading_bar wid_90% hi_30px' style='width:90%; height:30px; '><\/div><\/div><\/div><\/div><div class='nest nest1 e'><div class='nesthold r g10'><div class='nest nest2 e1'><div class='evo_loading_bar wid_100px hi_95px' style='width:100px; height:95px; '><\/div><\/div><div class='nest nest2 e2'><div class='evo_loading_bar wid_50% hi_55px' style='width:50%; height:55px; '><\/div><div class='evo_loading_bar wid_90% hi_30px' style='width:90%; height:30px; '><\/div><\/div><\/div><\/div><div class='nest nest1 e'><div class='nesthold r g10'><div class='nest nest2 e1'><div class='evo_loading_bar wid_100px hi_95px' style='width:100px; height:95px; '><\/div><\/div><div class='nest nest2 e2'><div class='evo_loading_bar wid_50% hi_55px' style='width:50%; height:55px; '><\/div><div class='evo_loading_bar wid_90% hi_30px' style='width:90%; height:30px; '><\/div><\/div><\/div><\/div><div class='nest nest1 e'><div class='nesthold r g10'><div class='nest nest2 e1'><div class='evo_loading_bar wid_100px hi_95px' style='width:100px; height:95px; '><\/div><\/div><div class='nest nest2 e2'><div class='evo_loading_bar wid_50% hi_55px' style='width:50%; height:55px; '><\/div><div class='evo_loading_bar wid_90% hi_30px' style='width:90%; height:30px; '><\/div><\/div><\/div><\/div><\/div>\t\t\t<\/div>\r\n\t\t\t<\/div><!-- evo_events_list_box -->\t\r\n\t\t\t<div class='clear'><\/div>\r\n\t\t\t\t\t \t<div id='evcal_footer' class='evo_bottom' style='display:none'>\r\n\t\t \t\t<div class='evo_cal_data' data-sc=\"{&quot;accord&quot;:&quot;no&quot;,&quot;bottom_nav&quot;:&quot;no&quot;,&quot;cal_id&quot;:&quot;&quot;,&quot;cal_init_nonajax&quot;:&quot;no&quot;,&quot;calendar_type&quot;:&quot;fullcal&quot;,&quot;control_style&quot;:&quot;def&quot;,&quot;currentuser&quot;:&quot;no&quot;,&quot;day_incre&quot;:0,&quot;el_type&quot;:&quot;ue&quot;,&quot;ep_fields&quot;:&quot;&quot;,&quot;etc_override&quot;:&quot;no&quot;,&quot;evc_open&quot;:&quot;no&quot;,&quot;event_count&quot;:0,&quot;event_location&quot;:&quot;all&quot;,&quot;event_order&quot;:&quot;ASC&quot;,&quot;event_organizer&quot;:&quot;all&quot;,&quot;event_parts&quot;:&quot;no&quot;,&quot;event_past_future&quot;:&quot;all&quot;,&quot;event_status&quot;:&quot;all&quot;,&quot;event_tag&quot;:&quot;all&quot;,&quot;event_type&quot;:&quot;all&quot;,&quot;event_type_2&quot;:&quot;all&quot;,&quot;event_type_3&quot;:&quot;all&quot;,&quot;event_type_4&quot;:&quot;all&quot;,&quot;event_type_5&quot;:&quot;all&quot;,&quot;event_users&quot;:&quot;all&quot;,&quot;event_virtual&quot;:&quot;all&quot;,&quot;eventtop_date_style&quot;:0,&quot;eventtop_style&quot;:&quot;2&quot;,&quot;exp_jumper&quot;:&quot;no&quot;,&quot;exp_so&quot;:&quot;no&quot;,&quot;filter_relationship&quot;:&quot;AND&quot;,&quot;filter_show_set_only&quot;:&quot;no&quot;,&quot;filter_style&quot;:&quot;default&quot;,&quot;filter_type&quot;:&quot;default&quot;,&quot;filters&quot;:&quot;yes&quot;,&quot;fixed_day&quot;:&quot;13&quot;,&quot;fixed_month&quot;:&quot;5&quot;,&quot;fixed_year&quot;:&quot;2026&quot;,&quot;focus_end_date_range&quot;:&quot;1780271999&quot;,&quot;focus_start_date_range&quot;:&quot;1777593600&quot;,&quot;focusmap&quot;:&quot;no&quot;,&quot;ft_event_priority&quot;:&quot;no&quot;,&quot;grid_ux&quot;:0,&quot;heat&quot;:&quot;no&quot;,&quot;hide_arrows&quot;:&quot;no&quot;,&quot;hide_cancels&quot;:&quot;no&quot;,&quot;hide_empty_months&quot;:&quot;no&quot;,&quot;hide_end_time&quot;:&quot;no&quot;,&quot;hide_et_dn&quot;:&quot;no&quot;,&quot;hide_et_extra&quot;:&quot;no&quot;,&quot;hide_et_tags&quot;:&quot;no&quot;,&quot;hide_et_tl&quot;:&quot;no&quot;,&quot;hide_ft&quot;:&quot;no&quot;,&quot;hide_ft_img&quot;:&quot;no&quot;,&quot;hide_month_headers&quot;:&quot;no&quot;,&quot;hide_mult_occur&quot;:&quot;no&quot;,&quot;hide_past&quot;:&quot;no&quot;,&quot;hide_past_by&quot;:&quot;ee&quot;,&quot;hide_so&quot;:&quot;no&quot;,&quot;hide_sort_options&quot;:&quot;no&quot;,&quot;hover&quot;:&quot;number&quot;,&quot;ics&quot;:&quot;no&quot;,&quot;jumper&quot;:&quot;yes&quot;,&quot;jumper_count&quot;:5,&quot;jumper_offset&quot;:&quot;0&quot;,&quot;lang&quot;:&quot;L2&quot;,&quot;layout_changer&quot;:&quot;no&quot;,&quot;lightbox&quot;:&quot;no&quot;,&quot;livenow_bar&quot;:&quot;yes&quot;,&quot;load_fullmonth&quot;:&quot;no&quot;,&quot;loc_page&quot;:&quot;no&quot;,&quot;map_height&quot;:400,&quot;map_title&quot;:&quot;&quot;,&quot;map_type&quot;:&quot;monthly&quot;,&quot;mapformat&quot;:&quot;roadmap&quot;,&quot;mapiconurl&quot;:&quot;&quot;,&quot;maps_load&quot;:&quot;yes&quot;,&quot;mapscroll&quot;:&quot;true&quot;,&quot;mapzoom&quot;:&quot;16&quot;,&quot;members_only&quot;:&quot;no&quot;,&quot;ml_priority&quot;:&quot;no&quot;,&quot;ml_toend&quot;:&quot;no&quot;,&quot;mo1st&quot;:&quot;&quot;,&quot;month_incre&quot;:0,&quot;nexttogrid&quot;:&quot;no&quot;,&quot;number_of_months&quot;:&quot;1&quot;,&quot;only_ft&quot;:&quot;no&quot;,&quot;pec&quot;:&quot;&quot;,&quot;s&quot;:&quot;&quot;,&quot;search&quot;:&quot;&quot;,&quot;search_all&quot;:&quot;no&quot;,&quot;sep_month&quot;:&quot;no&quot;,&quot;show_alle&quot;:&quot;no&quot;,&quot;show_et_ft_img&quot;:&quot;yes&quot;,&quot;show_limit&quot;:&quot;no&quot;,&quot;show_limit_ajax&quot;:&quot;no&quot;,&quot;show_limit_paged&quot;:1,&quot;show_limit_redir&quot;:&quot;&quot;,&quot;show_repeats&quot;:&quot;no&quot;,&quot;show_rsvp&quot;:&quot;no&quot;,&quot;show_search&quot;:&quot;no&quot;,&quot;show_upcoming&quot;:0,&quot;show_year&quot;:&quot;no&quot;,&quot;slide_auto&quot;:&quot;no&quot;,&quot;slide_hide_control&quot;:&quot;no&quot;,&quot;slide_nav_dots&quot;:&quot;no&quot;,&quot;slide_pause_hover&quot;:&quot;no&quot;,&quot;slide_style&quot;:&quot;def&quot;,&quot;slider_pause&quot;:&quot;2000&quot;,&quot;slider_speed&quot;:&quot;400&quot;,&quot;slider_type&quot;:&quot;def&quot;,&quot;slides_visible&quot;:1,&quot;social_share&quot;:&quot;no&quot;,&quot;sort_by&quot;:&quot;sort_date&quot;,&quot;style&quot;:&quot;names&quot;,&quot;tile_bg&quot;:0,&quot;tile_bg_size&quot;:&quot;full&quot;,&quot;tile_count&quot;:2,&quot;tile_height&quot;:0,&quot;tile_style&quot;:0,&quot;tiles&quot;:&quot;no&quot;,&quot;users&quot;:&quot;all&quot;,&quot;ux_val&quot;:&quot;0&quot;,&quot;view_switcher&quot;:&quot;no&quot;,&quot;wpml_l1&quot;:&quot;&quot;,&quot;wpml_l2&quot;:&quot;\\u2019de\\u2019&quot;,&quot;wpml_l3&quot;:&quot;&quot;,&quot;yl_priority&quot;:&quot;no&quot;,&quot;yl_toend&quot;:&quot;no&quot;,&quot;_cver&quot;:&quot;4.7.3&quot;}\" data-filter_data=\"{&quot;event_type&quot;:{&quot;__name&quot;:&quot;LiveStream&quot;,&quot;__tax&quot;:&quot;event_type&quot;,&quot;__filter_type&quot;:&quot;tax&quot;,&quot;__def_val&quot;:[&quot;all&quot;],&quot;__invals&quot;:[&quot;all&quot;],&quot;__notvals&quot;:[],&quot;__list&quot;:{&quot;all&quot;:[&quot;all&quot;,&quot;Alle&quot;],&quot;livestream&quot;:[72,&quot;LiveStream&quot;,&quot;&lt;i class=\\&quot;fa fa-play-circle\\&quot;&gt;&lt;\\\/i&gt;&quot;,&quot;y&quot;]},&quot;nterms&quot;:[&quot;all&quot;],&quot;tterms&quot;:[&quot;all&quot;],&quot;terms&quot;:[&quot;all&quot;]},&quot;event_type_2&quot;:{&quot;__name&quot;:&quot;Messe&quot;,&quot;__tax&quot;:&quot;event_type_2&quot;,&quot;__filter_type&quot;:&quot;tax&quot;,&quot;__def_val&quot;:[&quot;all&quot;],&quot;__invals&quot;:[&quot;all&quot;],&quot;__notvals&quot;:[],&quot;__list&quot;:{&quot;all&quot;:[&quot;all&quot;,&quot;Alle&quot;],&quot;trade-show&quot;:[68,&quot;Messe&quot;,false,&quot;y&quot;]},&quot;nterms&quot;:[&quot;all&quot;],&quot;tterms&quot;:[&quot;all&quot;],&quot;terms&quot;:[&quot;all&quot;]},&quot;event_type_3&quot;:{&quot;__name&quot;:&quot;Seminar&quot;,&quot;__tax&quot;:&quot;event_type_3&quot;,&quot;__filter_type&quot;:&quot;tax&quot;,&quot;__def_val&quot;:[&quot;all&quot;],&quot;__invals&quot;:[&quot;all&quot;],&quot;__notvals&quot;:[],&quot;__list&quot;:{&quot;all&quot;:[&quot;all&quot;,&quot;Alle&quot;],&quot;seminar&quot;:[73,&quot;Seminar&quot;,false,&quot;y&quot;],&quot;workshop&quot;:[85,&quot;Workshop&quot;,false,&quot;n&quot;]},&quot;nterms&quot;:[&quot;all&quot;],&quot;tterms&quot;:[&quot;all&quot;],&quot;terms&quot;:[&quot;all&quot;]}}\" data-nav_data=\"{&quot;month_title&quot;:&quot;&lt;p id=&#039;evcal_cur&#039; class=&#039;evo_month_title padr10&#039;&gt; Mai, 2026&lt;\\\/p&gt;&quot;,&quot;arrows&quot;:&quot;&lt;p class=&#039;evo_arrows&#039;&gt;\\r\\n\\t\\t\\t\\t\\t&lt;span id=&#039;evcal_prev&#039; class=&#039;evcal_arrows evcal_btn_prev evodfx evofx_jc_c evofx_ai_c&#039; &gt;&lt;i class=&#039;fa fa-chevron-left&#039;&gt;&lt;\\\/i&gt;&lt;\\\/span&gt;\\r\\n\\t\\t\\t\\t\\t&lt;span id=&#039;evcal_next&#039; class=&#039;evcal_arrows evo_arrow_next evcal_btn_next evodfx evofx_jc_c evofx_ai_c&#039; &gt;&lt;i class=&#039;fa fa-chevron-right&#039;&gt;&lt;\\\/i&gt;&lt;\\\/span&gt;\\r\\n\\t\\t\\t\\t\\t&lt;\\\/p&gt;&quot;}\" data-od=\"{&quot;lang_no_events&quot;:&quot;No Events&quot;,&quot;cal_tz_offset&quot;:0,&quot;cal_tz&quot;:&quot;Africa\\\/Abidjan&quot;}\" ><\/div>\r\n\t\t \t\t<div class='evo_cal_events' data-events=\"\"><\/div>\r\n\t\t \t<\/div>\r\n\t\t\t\t\r\n\t\t\t\r\n\t\t\t\t\t\t<\/div><!-- EventON End -->\r\n\t\t\t\t\t<\/div>\n\t\t\t\t<\/div>\n\t\t<div class=\"elementor-element elementor-element-77c44b2 e-con-full e-flex e-con e-child\" data-id=\"77c44b2\" data-element_type=\"container\">\n\t\t\t\t<\/div>\n\t\t\t\t\t<\/div>\n\t\t\t\t<\/div>\n\t\t\t\t\t<\/div>\n\t\t\t\t<\/div>\n\t\t<div class=\"elementor-element elementor-element-946ab27 e-con-full elementor-hidden-desktop elementor-hidden-tablet e-flex e-con e-parent\" data-id=\"946ab27\" data-element_type=\"container\" data-settings=\"{&quot;background_background&quot;:&quot;classic&quot;}\">\n\t\t<div class=\"elementor-element elementor-element-cfefaf0 e-con-full e-flex e-con e-child\" data-id=\"cfefaf0\" data-element_type=\"container\">\n\t\t\t\t<div class=\"elementor-element elementor-element-2ed4411 elementor-widget-divider--view-line elementor-widget elementor-widget-divider\" data-id=\"2ed4411\" data-element_type=\"widget\" data-widget_type=\"divider.default\">\n\t\t\t\t<div class=\"elementor-widget-container\">\n\t\t\t\t\t<div class=\"elementor-divider\">\n\t\t\t<span class=\"elementor-divider-separator\">\n\t\t\t\t\t\t<\/span>\n\t\t<\/div>\n\t\t\t\t<\/div>\n\t\t\t\t<\/div>\n\t\t\t\t<div class=\"elementor-element elementor-element-4b4d902 elementor-widget elementor-widget-image\" data-id=\"4b4d902\" data-element_type=\"widget\" data-widget_type=\"image.default\">\n\t\t\t\t<div class=\"elementor-widget-container\">\n\t\t\t\t\t\t\t\t\t\t\t\t\t<img decoding=\"async\" width=\"315\" height=\"108\" src=\"https:\/\/dev.zecha.de\/wp-content\/uploads\/2023\/04\/logoBlack.png\" class=\"attachment-large size-large wp-image-835\" alt=\"\" srcset=\"https:\/\/dev.zecha.de\/wp-content\/uploads\/2023\/04\/logoBlack.png 315w, https:\/\/dev.zecha.de\/wp-content\/uploads\/2023\/04\/logoBlack-300x103.png 300w, https:\/\/dev.zecha.de\/wp-content\/uploads\/2023\/04\/logoBlack-260x89.png 260w, https:\/\/dev.zecha.de\/wp-content\/uploads\/2023\/04\/logoBlack-50x17.png 50w, https:\/\/dev.zecha.de\/wp-content\/uploads\/2023\/04\/logoBlack-150x51.png 150w\" sizes=\"(max-width:767px) 315px, 315px\" \/>\t\t\t\t\t\t\t\t\t\t\t\t\t<\/div>\n\t\t\t\t<\/div>\n\t\t\t\t<\/div>\n\t\t<div class=\"elementor-element elementor-element-89222e1 e-con-full e-flex e-con e-child\" data-id=\"89222e1\" data-element_type=\"container\">\n\t\t\t\t<div class=\"elementor-element elementor-element-bb7de2f elementor-widget elementor-widget-text-editor\" data-id=\"bb7de2f\" data-element_type=\"widget\" data-widget_type=\"text-editor.default\">\n\t\t\t\t<div class=\"elementor-widget-container\">\n\t\t\t\t\t\t\t<p>ZECHA Hartmetall-<br \/>Werkzeugfabrikation GmbH<br \/>Benzstra\u00dfe 2<br \/>D-75203 Konigsbach-Stein<\/p>\n\t\t\t\t\t\t<\/div>\n\t\t\t\t<\/div>\n\t\t\t\t<\/div>\n\t\t<div class=\"elementor-element elementor-element-bfd9bd1 e-con-full e-flex e-con e-child\" data-id=\"bfd9bd1\" data-element_type=\"container\">\n\t\t\t\t<div class=\"elementor-element elementor-element-166ada2 elementor-widget elementor-widget-text-editor\" data-id=\"166ada2\" data-element_type=\"widget\" data-widget_type=\"text-editor.default\">\n\t\t\t\t<div class=\"elementor-widget-container\">\n\t\t\t\t\t\t\t<p>+49 7232 3022-0<br \/><a style=\"color: #000000;\" href=\"mailto:info@zecha.de\" target=\"_blank\" rel=\"noopener\">info@zecha.de<\/a><br \/><a style=\"color: #000000;\" href=\"https:\/\/dev.zecha.de\/de\/kontakt\/\">Kontakt<\/a><br \/><a style=\"color: #000000;\" href=\"https:\/\/zecha.shop\/webshop\/sdr\/showSDR\">Schnittdatenrechner<\/a><\/p>\t\t\t\t\t\t<\/div>\n\t\t\t\t<\/div>\n\t\t\t\t<\/div>\n\t\t<div class=\"elementor-element elementor-element-09c8ff4 e-con-full e-flex e-con e-child\" data-id=\"09c8ff4\" data-element_type=\"container\">\n\t\t\t\t<div class=\"elementor-element elementor-element-f891d3c elementor-widget elementor-widget-text-editor\" data-id=\"f891d3c\" data-element_type=\"widget\" data-widget_type=\"text-editor.default\">\n\t\t\t\t<div class=\"elementor-widget-container\">\n\t\t\t\t\t\t\t<p><a style=\"color: #000000;\" href=\"https:\/\/dev.zecha.de\/de\/impressum\/\" target=\"_blank\" rel=\"noopener\">Impressum<\/a><br \/><a style=\"color: #000000;\" href=\"https:\/\/dev.zecha.de\/de\/impressum\/\" target=\"_blank\" rel=\"noopener\">Datenschutz<\/a><br \/><a style=\"color: #000000;\" href=\"https:\/\/dev.zecha.de\/de\/kontakt\/\">Newsletter Anmeldung<\/a><br \/><a style=\"color: #000000;\" href=\"https:\/\/www.zecha.de\/images\/pdf\/2023_05_31_Zertifikat_und_Anlage_ZECHA_QM_de_ges.pdf\" target=\"_blank\" rel=\"noopener\">ISO 9001 Zertifikat<\/a><\/p>\t\t\t\t\t\t<\/div>\n\t\t\t\t<\/div>\n\t\t\t\t<div class=\"elementor-element elementor-element-ad759cb elementor-hidden-desktop elementor-hidden-tablet elementor-grid-mobile-2 e-grid-align-mobile-center elementor-shape-rounded elementor-grid-0 e-grid-align-center elementor-widget elementor-widget-social-icons\" data-id=\"ad759cb\" data-element_type=\"widget\" data-widget_type=\"social-icons.default\">\n\t\t\t\t<div class=\"elementor-widget-container\">\n\t\t\t\t\t<div class=\"elementor-social-icons-wrapper elementor-grid\">\n\t\t\t\t\t\t\t<span class=\"elementor-grid-item\">\n\t\t\t\t\t<a class=\"elementor-icon elementor-social-icon elementor-social-icon-instagram elementor-animation-bob elementor-repeater-item-da6e5a3\" href=\"https:\/\/www.instagram.com\/zechatools\/?hl=en\" target=\"_blank\">\n\t\t\t\t\t\t<span class=\"elementor-screen-only\">Instagram<\/span>\n\t\t\t\t\t\t<i class=\"fab fa-instagram\"><\/i>\t\t\t\t\t<\/a>\n\t\t\t\t<\/span>\n\t\t\t\t\t\t\t<span class=\"elementor-grid-item\">\n\t\t\t\t\t<a class=\"elementor-icon elementor-social-icon elementor-social-icon-twitch elementor-animation-bob elementor-repeater-item-c09a218\" target=\"_blank\">\n\t\t\t\t\t\t<span class=\"elementor-screen-only\">Twitch<\/span>\n\t\t\t\t\t\t<i class=\"fab fa-twitch\"><\/i>\t\t\t\t\t<\/a>\n\t\t\t\t<\/span>\n\t\t\t\t\t\t\t<span class=\"elementor-grid-item\">\n\t\t\t\t\t<a class=\"elementor-icon elementor-social-icon elementor-social-icon-youtube elementor-animation-bob elementor-repeater-item-e7fc597\" href=\"https:\/\/www.youtube.com\/@zechatools\" target=\"_blank\">\n\t\t\t\t\t\t<span class=\"elementor-screen-only\">Youtube<\/span>\n\t\t\t\t\t\t<i class=\"fab fa-youtube\"><\/i>\t\t\t\t\t<\/a>\n\t\t\t\t<\/span>\n\t\t\t\t\t\t\t<span class=\"elementor-grid-item\">\n\t\t\t\t\t<a class=\"elementor-icon elementor-social-icon elementor-social-icon-facebook elementor-animation-bob elementor-repeater-item-9db330a\" href=\"https:\/\/www.facebook.com\/zechatools?_rdr\" target=\"_blank\">\n\t\t\t\t\t\t<span class=\"elementor-screen-only\">Facebook<\/span>\n\t\t\t\t\t\t<i class=\"fab fa-facebook\"><\/i>\t\t\t\t\t<\/a>\n\t\t\t\t<\/span>\n\t\t\t\t\t<\/div>\n\t\t\t\t<\/div>\n\t\t\t\t<\/div>\n\t\t\t\t<\/div>\n\t\t\t\t<\/div>\n\t\t\t\t<\/div>\n\t\t","protected":false},"excerpt":{"rendered":"<p>Verbinden und Lernen mit ZECHA Bleiben Sie bei ZECHAlive-Veranstaltungen dabei, bei denen Sie sich mit Branchenexperten vernetzen und wertvolle Einblicke durch Seminare, Messen, Livestreams und mehr<span class=\"excerpt-hellip\"> [\u2026]<\/span><\/p>\n","protected":false},"author":1,"featured_media":0,"parent":0,"menu_order":0,"comment_status":"closed","ping_status":"closed","template":"","meta":{"footnotes":""},"class_list":["post-10637","page","type-page","status-publish","hentry"],"_links":{"self":[{"href":"https:\/\/dev.zecha.de\/de\/wp-json\/wp\/v2\/pages\/10637","targetHints":{"allow":["GET"]}}],"collection":[{"href":"https:\/\/dev.zecha.de\/de\/wp-json\/wp\/v2\/pages"}],"about":[{"href":"https:\/\/dev.zecha.de\/de\/wp-json\/wp\/v2\/types\/page"}],"author":[{"embeddable":true,"href":"https:\/\/dev.zecha.de\/de\/wp-json\/wp\/v2\/users\/1"}],"replies":[{"embeddable":true,"href":"https:\/\/dev.zecha.de\/de\/wp-json\/wp\/v2\/comments?post=10637"}],"version-history":[{"count":88,"href":"https:\/\/dev.zecha.de\/de\/wp-json\/wp\/v2\/pages\/10637\/revisions"}],"predecessor-version":[{"id":18245,"href":"https:\/\/dev.zecha.de\/de\/wp-json\/wp\/v2\/pages\/10637\/revisions\/18245"}],"wp:attachment":[{"href":"https:\/\/dev.zecha.de\/de\/wp-json\/wp\/v2\/media?parent=10637"}],"curies":[{"name":"wp","href":"https:\/\/api.w.org\/{rel}","templated":true}]}}